{"id":204,"date":"2016-11-10T17:36:01","date_gmt":"2016-11-10T17:36:01","guid":{"rendered":"https:\/\/www.rba-abogados.com\/contact\/"},"modified":"2025-11-25T13:13:00","modified_gmt":"2025-11-25T13:13:00","slug":"contact","status":"publish","type":"page","link":"https:\/\/www.rba-abogados.com\/en\/contact\/","title":{"rendered":"Contact"},"content":{"rendered":"<div style=\"color: #404040; border-bottom: 1px solid #d2d2d2; padding-bottom: 32px;\">\n<p><b>Address:<\/b><\/p>\n<p>C\/ R\u00edos Rosas n\u00ba 8 6\u00baB, C\u00f3digo 28003 Madrid, Madrid<\/p>\n<p>C\/ Prudencia Arbide n\u00ba 2 -3D, C\u00f3digo Postal 20304 Ir\u00fan, Guip\u00fazcoa<\/p>\n<\/div>\n<div class=\"content-boxes\">\n<div id=\"content-boxes-wrap\">\n<div class=\"col wow bounceIn\" data-wow-delay=\"0.2s\">\n<p><b>Roberto Benito Flores<\/b><\/p>\n<p>+34 91 441 02 77<\/p>\n<\/div>\n<div class=\"col wow bounceIn\" data-wow-delay=\"0.5s\">\n<p>&nbsp;<\/p>\n<p>+34 646 75 22 26<\/p>\n<\/div>\n<p><!--\n\n<div class=\"col wow bounceIn\" data-wow-delay=\"0.8s\">\n\n<b>Beatriz Rodr\u00edguez Aparicio<\/b>\n\n+34 943 04 53 38\n\n<\/div>\n\n-->\n<\/div>\n<\/div>\n","protected":false},"excerpt":{"rendered":"<p>Address: C\/ R\u00edos Rosas n\u00ba 8 6\u00baB, C\u00f3digo 28003 Madrid, Madrid C\/ Prudencia Arbide n\u00ba 2 -3D, C\u00f3digo Postal 20304 Ir\u00fan, Guip\u00fazcoa Roberto Benito Flores +34 91 441 02 77 &nbsp; +34 646 75 22 26<\/p>\n","protected":false},"author":1,"featured_media":205,"parent":0,"menu_order":0,"comment_status":"closed","ping_status":"closed","template":"","meta":{"footnotes":""},"class_list":["post-204","page","type-page","status-publish","has-post-thumbnail","hentry"],"aioseo_notices":[],"_links":{"self":[{"href":"https:\/\/www.rba-abogados.com\/en\/wp-json\/wp\/v2\/pages\/204","targetHints":{"allow":["GET"]}}],"collection":[{"href":"https:\/\/www.rba-abogados.com\/en\/wp-json\/wp\/v2\/pages"}],"about":[{"href":"https:\/\/www.rba-abogados.com\/en\/wp-json\/wp\/v2\/types\/page"}],"author":[{"embeddable":true,"href":"https:\/\/www.rba-abogados.com\/en\/wp-json\/wp\/v2\/users\/1"}],"replies":[{"embeddable":true,"href":"https:\/\/www.rba-abogados.com\/en\/wp-json\/wp\/v2\/comments?post=204"}],"version-history":[{"count":1,"href":"https:\/\/www.rba-abogados.com\/en\/wp-json\/wp\/v2\/pages\/204\/revisions"}],"predecessor-version":[{"id":206,"href":"https:\/\/www.rba-abogados.com\/en\/wp-json\/wp\/v2\/pages\/204\/revisions\/206"}],"wp:featuredmedia":[{"embeddable":true,"href":"https:\/\/www.rba-abogados.com\/en\/wp-json\/wp\/v2\/media\/205"}],"wp:attachment":[{"href":"https:\/\/www.rba-abogados.com\/en\/wp-json\/wp\/v2\/media?parent=204"}],"curies":[{"name":"wp","href":"https:\/\/api.w.org\/{rel}","templated":true}]}}