{"id":201,"date":"2016-11-10T12:27:37","date_gmt":"2016-11-10T12:27:37","guid":{"rendered":"https:\/\/www.rba-abogados.com\/who-we-are\/"},"modified":"2025-11-25T13:01:07","modified_gmt":"2025-11-25T13:01:07","slug":"who-we-are","status":"publish","type":"page","link":"https:\/\/www.rba-abogados.com\/en\/who-we-are\/","title":{"rendered":"Who We Are"},"content":{"rendered":"<p><!-- ROBERTO --><\/p>\n<div class=\"content-boxes\">\n<div id=\"content-boxes-wrap\">\n<div style=\"width: 100%; text-align: center;\">\n<h2 class=\"boxtitle wow bounceInLeft\" style=\"visibility: visible; animation-delay: 0.1s; animation-name: bounceInLeft; margin: 0 !important; padding: 0 !important; color: #009cce !important; font-size: 48px;\" data-wow-delay=\"0.1s\">Roberto Benito Flores<\/h2>\n<p style=\"margin: -15px 0 9px 10px;\"><img decoding=\"async\" src=\"\/wp-content\/uploads\/2016\/11\/rba-abogados-sep.png\"><\/p>\n<h4 class=\"sub-title wow bounceInRight\" style=\"visibility: visible; animation-delay: 0.2s; animation-name: bounceInRight; margin-top: 0 !important; padding-top: 0 !important; font-weight: bold !important;\" data-wow-delay=\"0.2s\">Founding Partner of RBA Abogados<\/h4>\n<\/div>\n<p>After more than seven years performing jurisdictional functions as a Judge in the Courts of Gipuzkoa, and four years defending the general interests as a Prosecutor in the Provincial Court of Madrid, I dedicated myself to private practice in one of the most prominent law firms in Madrid.<\/p>\n<p>Finally, I have decided to open my own firm and put the wealth of knowledge and experience accumulated over so many years at the service of my clients.<\/p>\n<div id=\"social-wrap\" style=\"padding: 30px 0 0 0 !important;\">\n<div id=\"social-bar\" style=\"text-align: right !important; width: 100% !important;\"><a title=\"LinkedIn\" href=\"https:\/\/es.linkedin.com\/in\/roberto-benito-flores-60004b98\" target=\"_blank\"><img decoding=\"async\" src=\"\/wp-content\/uploads\/2016\/11\/rba-abogados-in.png\"><\/a><\/div>\n<\/div>\n<p><img decoding=\"async\" src=\"\/wp-content\/uploads\/2016\/11\/rba-abogados-rbf.jpg\"><\/p>\n<p style=\"text-align: right;\"><b>Roberto Benito Flores.<\/b>  Founding Partner of RBA Abogados. ICAM Member 119,569<\/p>\n<\/div>\n<\/div>\n<p><!-- BEATRIZ --><br \/>\n<!--\n\n<div class=\"content-boxes\">\n\n\n<div id=\"content-boxes-wrap\">\n\n\n<div style=\"width: 100%; text-align: center;\">\n\n\n<h2 class=\"boxtitle wow bounceInLeft\" style=\"visibility: visible; animation-delay: 0.1s; animation-name: bounceInLeft; margin: 0 !important; padding: 0 !important; color: #009cce !important; font-size: 48px;\" data-wow-delay=\"0.1s\">Beatriz Rodr\u00edguez Aparicio<\/h2>\n\n\n\n\n<p style=\"margin: -15px 0 9px 10px;\"><img decoding=\"async\" src=\"\/wp-content\/uploads\/2016\/11\/rba-abogados-sep.png\" \/><\/p>\n\n\n\n\n\n<h4 class=\"sub-title wow bounceInRight\" style=\"visibility: visible; animation-delay: 0.2s; animation-name: bounceInRight; margin-top: 0 !important; padding-top: 0 !important; font-weight: bold !important;\" data-wow-delay=\"0.2s\">Socia Fundadora de BRA Abogados<\/h4>\n\n\n<\/div>\n\n\nTras m\u00e1s de doce a\u00f1os desarrollando funciones jurisdiccionales como Juez en los Juzgados de Gipuzkoa, lleva varios a\u00f1os dedicada a la pr\u00e1ctica privada.\n\nEn el despacho desarrollamos una defensa integral de los intereses de nuestros clientes de forma eficaz y eficiente para la consecuci\u00f3n de los fines y objetivos que se nos planteen.\n\n\n<div id=\"social-wrap\" style=\"padding: 30px 0 0 0 !important;\">\n\n\n<div id=\"social-bar\" style=\"text-align: right !important; width: 100% !important;\"><a title=\"Facebook\" href=\"https:\/\/www.facebook.com\/braabogados\" target=\"_blank\"><img loading=\"lazy\" decoding=\"async\" class=\"alignnone\" src=\"\/wp-content\/uploads\/2016\/11\/rba-abogados-fb.png\" width=\"13\" height=\"24\" \/><\/a><a title=\"Twitter\" href=\"https:\/\/twitter.com\/braabogados\" target=\"_blank\"><img decoding=\"async\" src=\"\/wp-content\/uploads\/2016\/11\/rba-abogados-twitter.png\" \/><\/a><a title=\"LinkedIn\" href=\"http:\/\/es.linkedin.com\/pub\/beatriz-rodriguez\/73\/6a5\/52\" target=\"_blank\"><img loading=\"lazy\" decoding=\"async\" class=\"alignnone\" src=\"\/wp-content\/uploads\/2016\/11\/rba-abogados-in.png\" width=\"25\" height=\"24\" \/><\/a><\/div>\n\n\n<\/div>\n\n\n<img decoding=\"async\" src=\"\/wp-content\/uploads\/2016\/11\/rba-abogados-bra.jpg\" \/>\n\n\n<p style=\"text-align: right;\"><b>Beatriz Rodr\u00edguez Aparicio.<\/b> Socia fundadora de BRA Abogados Colegiada 5071 Guip\u00fazcoa<\/p>\n\n\n\n<\/div>\n\n\n<\/div>\n\n--><\/p>\n","protected":false},"excerpt":{"rendered":"<p>Roberto Benito Flores Founding Partner of RBA Abogados After more than seven years performing jurisdictional functions as a Judge in the Courts of Gipuzkoa, and four years defending the general interests as a Prosecutor in the Provincial Court of Madrid, I dedicated myself to private practice in one of the [&hellip;]<\/p>\n","protected":false},"author":1,"featured_media":202,"parent":0,"menu_order":0,"comment_status":"closed","ping_status":"open","template":"","meta":{"footnotes":""},"class_list":["post-201","page","type-page","status-publish","has-post-thumbnail","hentry"],"aioseo_notices":[],"_links":{"self":[{"href":"https:\/\/www.rba-abogados.com\/en\/wp-json\/wp\/v2\/pages\/201","targetHints":{"allow":["GET"]}}],"collection":[{"href":"https:\/\/www.rba-abogados.com\/en\/wp-json\/wp\/v2\/pages"}],"about":[{"href":"https:\/\/www.rba-abogados.com\/en\/wp-json\/wp\/v2\/types\/page"}],"author":[{"embeddable":true,"href":"https:\/\/www.rba-abogados.com\/en\/wp-json\/wp\/v2\/users\/1"}],"replies":[{"embeddable":true,"href":"https:\/\/www.rba-abogados.com\/en\/wp-json\/wp\/v2\/comments?post=201"}],"version-history":[{"count":1,"href":"https:\/\/www.rba-abogados.com\/en\/wp-json\/wp\/v2\/pages\/201\/revisions"}],"predecessor-version":[{"id":203,"href":"https:\/\/www.rba-abogados.com\/en\/wp-json\/wp\/v2\/pages\/201\/revisions\/203"}],"wp:featuredmedia":[{"embeddable":true,"href":"https:\/\/www.rba-abogados.com\/en\/wp-json\/wp\/v2\/media\/202"}],"wp:attachment":[{"href":"https:\/\/www.rba-abogados.com\/en\/wp-json\/wp\/v2\/media?parent=201"}],"curies":[{"name":"wp","href":"https:\/\/api.w.org\/{rel}","templated":true}]}}